{"id":228,"date":"2023-03-08T21:34:33","date_gmt":"2023-03-08T20:34:33","guid":{"rendered":"https:\/\/www.yvycom.com\/?page_id=228"},"modified":"2023-03-08T22:00:12","modified_gmt":"2023-03-08T21:00:12","slug":"odeslano","status":"publish","type":"page","link":"https:\/\/www.yvycom.com\/en\/odeslano\/","title":{"rendered":"Thank you for your inquiry"},"content":{"rendered":"","protected":false},"excerpt":{"rendered":"","protected":false},"author":1,"featured_media":0,"parent":0,"menu_order":0,"comment_status":"closed","ping_status":"closed","template":"","meta":{"footnotes":""},"class_list":["post-228","page","type-page","status-publish","hentry"],"acf":[],"yoast_head":"<!-- This site is optimized with the Yoast SEO plugin v27.4 - https:\/\/yoast.com\/product\/yoast-seo-wordpress\/ -->\n<title>Thank you for your inquiry | yvycom.com<\/title>\n<meta name=\"robots\" content=\"index, follow, max-snippet:-1, max-image-preview:large, max-video-preview:-1\" \/>\n<link rel=\"canonical\" href=\"https:\/\/www.yvycom.com\/odeslano\/\" \/>\n<meta property=\"og:locale\" content=\"en_US\" \/>\n<meta property=\"og:type\" content=\"article\" \/>\n<meta property=\"og:title\" content=\"[:cs]D\u011bkujeme za Va\u0161\u00ed popt\u00e1vku[:en]Thank you for your inquiry[:] | yvycom.com\" \/>\n<meta property=\"og:url\" content=\"https:\/\/www.yvycom.com\/odeslano\/\" \/>\n<meta property=\"og:site_name\" content=\"yvycom.com\" \/>\n<meta property=\"article:modified_time\" content=\"2023-03-08T21:00:12+00:00\" \/>\n<meta name=\"twitter:card\" content=\"summary_large_image\" \/>\n<script type=\"application\/ld+json\" class=\"yoast-schema-graph\">{\"@context\":\"https:\\\/\\\/schema.org\",\"@graph\":[{\"@type\":\"WebPage\",\"@id\":\"https:\\\/\\\/www.yvycom.com\\\/odeslano\\\/\",\"url\":\"https:\\\/\\\/www.yvycom.com\\\/odeslano\\\/\",\"name\":\"[:cs]D\u011bkujeme za Va\u0161\u00ed popt\u00e1vku[:en]Thank you for your inquiry[:] | yvycom.com\",\"isPartOf\":{\"@id\":\"https:\\\/\\\/www.yvycom.com\\\/#website\"},\"datePublished\":\"2023-03-08T20:34:33+00:00\",\"dateModified\":\"2023-03-08T21:00:12+00:00\",\"breadcrumb\":{\"@id\":\"https:\\\/\\\/www.yvycom.com\\\/odeslano\\\/#breadcrumb\"},\"inLanguage\":\"en-US\",\"potentialAction\":[{\"@type\":\"ReadAction\",\"target\":[\"https:\\\/\\\/www.yvycom.com\\\/odeslano\\\/\"]}]},{\"@type\":\"BreadcrumbList\",\"@id\":\"https:\\\/\\\/www.yvycom.com\\\/odeslano\\\/#breadcrumb\",\"itemListElement\":[{\"@type\":\"ListItem\",\"position\":1,\"name\":\"Dom\u016f\",\"item\":\"https:\\\/\\\/www.yvycom.com\\\/\"},{\"@type\":\"ListItem\",\"position\":2,\"name\":\"D\u011bkujeme za Va\u0161\u00ed popt\u00e1vku\"}]},{\"@type\":\"WebSite\",\"@id\":\"https:\\\/\\\/www.yvycom.com\\\/#website\",\"url\":\"https:\\\/\\\/www.yvycom.com\\\/\",\"name\":\"yvycom.com\",\"description\":\"\",\"potentialAction\":[{\"@type\":\"SearchAction\",\"target\":{\"@type\":\"EntryPoint\",\"urlTemplate\":\"https:\\\/\\\/www.yvycom.com\\\/?s={search_term_string}\"},\"query-input\":{\"@type\":\"PropertyValueSpecification\",\"valueRequired\":true,\"valueName\":\"search_term_string\"}}],\"inLanguage\":\"en-US\"}]}<\/script>\n<!-- \/ Yoast SEO plugin. -->","yoast_head_json":{"title":"[:cs]D\u011bkujeme za Va\u0161\u00ed popt\u00e1vku[:en]Thank you for your inquiry[:] | yvycom.com","robots":{"index":"index","follow":"follow","max-snippet":"max-snippet:-1","max-image-preview":"max-image-preview:large","max-video-preview":"max-video-preview:-1"},"canonical":"https:\/\/www.yvycom.com\/odeslano\/","og_locale":"en_US","og_type":"article","og_title":"[:cs]D\u011bkujeme za Va\u0161\u00ed popt\u00e1vku[:en]Thank you for your inquiry[:] | yvycom.com","og_url":"https:\/\/www.yvycom.com\/odeslano\/","og_site_name":"yvycom.com","article_modified_time":"2023-03-08T21:00:12+00:00","twitter_card":"summary_large_image","schema":{"@context":"https:\/\/schema.org","@graph":[{"@type":"WebPage","@id":"https:\/\/www.yvycom.com\/odeslano\/","url":"https:\/\/www.yvycom.com\/odeslano\/","name":"[:cs]D\u011bkujeme za Va\u0161\u00ed popt\u00e1vku[:en]Thank you for your inquiry[:] | yvycom.com","isPartOf":{"@id":"https:\/\/www.yvycom.com\/#website"},"datePublished":"2023-03-08T20:34:33+00:00","dateModified":"2023-03-08T21:00:12+00:00","breadcrumb":{"@id":"https:\/\/www.yvycom.com\/odeslano\/#breadcrumb"},"inLanguage":"en-US","potentialAction":[{"@type":"ReadAction","target":["https:\/\/www.yvycom.com\/odeslano\/"]}]},{"@type":"BreadcrumbList","@id":"https:\/\/www.yvycom.com\/odeslano\/#breadcrumb","itemListElement":[{"@type":"ListItem","position":1,"name":"Dom\u016f","item":"https:\/\/www.yvycom.com\/"},{"@type":"ListItem","position":2,"name":"D\u011bkujeme za Va\u0161\u00ed popt\u00e1vku"}]},{"@type":"WebSite","@id":"https:\/\/www.yvycom.com\/#website","url":"https:\/\/www.yvycom.com\/","name":"yvycom.com","description":"","potentialAction":[{"@type":"SearchAction","target":{"@type":"EntryPoint","urlTemplate":"https:\/\/www.yvycom.com\/?s={search_term_string}"},"query-input":{"@type":"PropertyValueSpecification","valueRequired":true,"valueName":"search_term_string"}}],"inLanguage":"en-US"}]}},"_links":{"self":[{"href":"https:\/\/www.yvycom.com\/en\/wp-json\/wp\/v2\/pages\/228","targetHints":{"allow":["GET"]}}],"collection":[{"href":"https:\/\/www.yvycom.com\/en\/wp-json\/wp\/v2\/pages"}],"about":[{"href":"https:\/\/www.yvycom.com\/en\/wp-json\/wp\/v2\/types\/page"}],"author":[{"embeddable":true,"href":"https:\/\/www.yvycom.com\/en\/wp-json\/wp\/v2\/users\/1"}],"replies":[{"embeddable":true,"href":"https:\/\/www.yvycom.com\/en\/wp-json\/wp\/v2\/comments?post=228"}],"version-history":[{"count":3,"href":"https:\/\/www.yvycom.com\/en\/wp-json\/wp\/v2\/pages\/228\/revisions"}],"predecessor-version":[{"id":233,"href":"https:\/\/www.yvycom.com\/en\/wp-json\/wp\/v2\/pages\/228\/revisions\/233"}],"wp:attachment":[{"href":"https:\/\/www.yvycom.com\/en\/wp-json\/wp\/v2\/media?parent=228"}],"curies":[{"name":"wp","href":"https:\/\/api.w.org\/{rel}","templated":true}]}}