{"id":30,"date":"2023-03-01T16:05:16","date_gmt":"2023-03-01T15:05:16","guid":{"rendered":"https:\/\/dev.yvycom.com\/?page_id=30"},"modified":"2023-03-08T19:32:00","modified_gmt":"2023-03-08T18:32:00","slug":"kontakt","status":"publish","type":"page","link":"https:\/\/www.yvycom.com\/en\/kontakt\/","title":{"rendered":"Contact"},"content":{"rendered":"<div class=\"wp-block-columns is-layout-flex wp-container-core-columns-is-layout-9d6595d7 wp-block-columns-is-layout-flex\">\n<div class=\"wp-block-column is-layout-flow wp-block-column-is-layout-flow\">\n<h3 class=\"wp-block-heading\" id=\"block-85b76adf-87bf-4992-acc8-8fdc91e306c7\">Contact<\/h3>\n\n\n\n<p id=\"block-f7088355-f95e-4a16-adc7-0d162f826287\"><a href=\"mailto:info@yvycom.com\">info@yvycom.com<\/a><\/p>\n\n\n\n<p id=\"block-96970df7-508e-4e30-a952-0e2684f30ed7\">+420 734 200 144<\/p>\n<\/div>\n\n\n\n<div class=\"wp-block-column is-layout-flow wp-block-column-is-layout-flow\">\n<h3 class=\"wp-block-heading\" id=\"block-aff8d3aa-e15e-4d74-851a-5900b9069b3f\">GI GRIVA s.r.o.<\/h3>\n\n\n\n<p id=\"block-ae99df90-38eb-46c6-a2fa-1762a415f6c1\">P\u0159\u00edkop 843\/ 4<br>602 00 Brno<\/p>\n<\/div>\n\n\n\n<div class=\"wp-block-column is-layout-flow wp-block-column-is-layout-flow\">\n<p id=\"block-e3b7159a-8446-4550-9090-7872ab464cad\"><a href=\"https:\/\/www.yvycom.com\/poptavka\/\">Poslat popt\u00e1vku<\/a><\/p>\n\n\n\n<p id=\"block-98114678-868e-4c42-ad2c-44b8ad12e626\"><a href=\"https:\/\/www.yvycom.com\/prodejni-mista\/\">Prodejn\u00ed m\u00edsta<\/a><\/p>\n<\/div>\n<\/div>\n\n\n\n<p id=\"block-c8bce244-7d7b-4505-9583-241eca8476a1\"><\/p>","protected":false},"excerpt":{"rendered":"<p>Contact info@yvycom.com +420 734 200 144 GI GRIVA s.r.o. P\u0159\u00edkop 843\/ 4602 00 Brno Poslat popt\u00e1vku Prodejn\u00ed m\u00edsta<\/p>\n","protected":false},"author":1,"featured_media":0,"parent":0,"menu_order":0,"comment_status":"closed","ping_status":"closed","template":"","meta":{"footnotes":""},"class_list":["post-30","page","type-page","status-publish","hentry"],"acf":[],"yoast_head":"<!-- This site is optimized with the Yoast SEO plugin v27.5 - https:\/\/yoast.com\/product\/yoast-seo-wordpress\/ -->\n<title>Contact | yvycom.com<\/title>\n<meta name=\"robots\" content=\"index, follow, max-snippet:-1, max-image-preview:large, max-video-preview:-1\" \/>\n<link rel=\"canonical\" href=\"https:\/\/www.yvycom.com\/kontakt\/\" \/>\n<meta property=\"og:locale\" content=\"en_US\" \/>\n<meta property=\"og:type\" content=\"article\" \/>\n<meta property=\"og:title\" content=\"[:cs]Kontakt[:en]Contact[:] | yvycom.com\" \/>\n<meta property=\"og:description\" content=\"Contact info@yvycom.com +420 734 200 144 GI GRIVA s.r.o. P\u0159\u00edkop 843\/ 4602 00 Brno Poslat popt\u00e1vku Prodejn\u00ed m\u00edsta\" \/>\n<meta property=\"og:url\" content=\"https:\/\/www.yvycom.com\/kontakt\/\" \/>\n<meta property=\"og:site_name\" content=\"yvycom.com\" \/>\n<meta property=\"article:modified_time\" content=\"2023-03-08T18:32:00+00:00\" \/>\n<meta name=\"twitter:card\" content=\"summary_large_image\" \/>\n<script type=\"application\/ld+json\" class=\"yoast-schema-graph\">{\"@context\":\"https:\\\/\\\/schema.org\",\"@graph\":[{\"@type\":\"WebPage\",\"@id\":\"https:\\\/\\\/www.yvycom.com\\\/kontakt\\\/\",\"url\":\"https:\\\/\\\/www.yvycom.com\\\/kontakt\\\/\",\"name\":\"[:cs]Kontakt[:en]Contact[:] | yvycom.com\",\"isPartOf\":{\"@id\":\"https:\\\/\\\/www.yvycom.com\\\/#website\"},\"datePublished\":\"2023-03-01T15:05:16+00:00\",\"dateModified\":\"2023-03-08T18:32:00+00:00\",\"breadcrumb\":{\"@id\":\"https:\\\/\\\/www.yvycom.com\\\/kontakt\\\/#breadcrumb\"},\"inLanguage\":\"en-US\",\"potentialAction\":[{\"@type\":\"ReadAction\",\"target\":[\"https:\\\/\\\/www.yvycom.com\\\/kontakt\\\/\"]}]},{\"@type\":\"BreadcrumbList\",\"@id\":\"https:\\\/\\\/www.yvycom.com\\\/kontakt\\\/#breadcrumb\",\"itemListElement\":[{\"@type\":\"ListItem\",\"position\":1,\"name\":\"Dom\u016f\",\"item\":\"https:\\\/\\\/www.yvycom.com\\\/\"},{\"@type\":\"ListItem\",\"position\":2,\"name\":\"Kontakt\"}]},{\"@type\":\"WebSite\",\"@id\":\"https:\\\/\\\/www.yvycom.com\\\/#website\",\"url\":\"https:\\\/\\\/www.yvycom.com\\\/\",\"name\":\"yvycom.com\",\"description\":\"\",\"potentialAction\":[{\"@type\":\"SearchAction\",\"target\":{\"@type\":\"EntryPoint\",\"urlTemplate\":\"https:\\\/\\\/www.yvycom.com\\\/?s={search_term_string}\"},\"query-input\":{\"@type\":\"PropertyValueSpecification\",\"valueRequired\":true,\"valueName\":\"search_term_string\"}}],\"inLanguage\":\"en-US\"}]}<\/script>\n<!-- \/ Yoast SEO plugin. -->","yoast_head_json":{"title":"[:cs]Kontakt[:en]Contact[:] | yvycom.com","robots":{"index":"index","follow":"follow","max-snippet":"max-snippet:-1","max-image-preview":"max-image-preview:large","max-video-preview":"max-video-preview:-1"},"canonical":"https:\/\/www.yvycom.com\/kontakt\/","og_locale":"en_US","og_type":"article","og_title":"[:cs]Kontakt[:en]Contact[:] | yvycom.com","og_description":"Contact info@yvycom.com +420 734 200 144 GI GRIVA s.r.o. P\u0159\u00edkop 843\/ 4602 00 Brno Poslat popt\u00e1vku Prodejn\u00ed m\u00edsta","og_url":"https:\/\/www.yvycom.com\/kontakt\/","og_site_name":"yvycom.com","article_modified_time":"2023-03-08T18:32:00+00:00","twitter_card":"summary_large_image","schema":{"@context":"https:\/\/schema.org","@graph":[{"@type":"WebPage","@id":"https:\/\/www.yvycom.com\/kontakt\/","url":"https:\/\/www.yvycom.com\/kontakt\/","name":"[:cs]Kontakt[:en]Contact[:] | yvycom.com","isPartOf":{"@id":"https:\/\/www.yvycom.com\/#website"},"datePublished":"2023-03-01T15:05:16+00:00","dateModified":"2023-03-08T18:32:00+00:00","breadcrumb":{"@id":"https:\/\/www.yvycom.com\/kontakt\/#breadcrumb"},"inLanguage":"en-US","potentialAction":[{"@type":"ReadAction","target":["https:\/\/www.yvycom.com\/kontakt\/"]}]},{"@type":"BreadcrumbList","@id":"https:\/\/www.yvycom.com\/kontakt\/#breadcrumb","itemListElement":[{"@type":"ListItem","position":1,"name":"Dom\u016f","item":"https:\/\/www.yvycom.com\/"},{"@type":"ListItem","position":2,"name":"Kontakt"}]},{"@type":"WebSite","@id":"https:\/\/www.yvycom.com\/#website","url":"https:\/\/www.yvycom.com\/","name":"yvycom.com","description":"","potentialAction":[{"@type":"SearchAction","target":{"@type":"EntryPoint","urlTemplate":"https:\/\/www.yvycom.com\/?s={search_term_string}"},"query-input":{"@type":"PropertyValueSpecification","valueRequired":true,"valueName":"search_term_string"}}],"inLanguage":"en-US"}]}},"_links":{"self":[{"href":"https:\/\/www.yvycom.com\/en\/wp-json\/wp\/v2\/pages\/30","targetHints":{"allow":["GET"]}}],"collection":[{"href":"https:\/\/www.yvycom.com\/en\/wp-json\/wp\/v2\/pages"}],"about":[{"href":"https:\/\/www.yvycom.com\/en\/wp-json\/wp\/v2\/types\/page"}],"author":[{"embeddable":true,"href":"https:\/\/www.yvycom.com\/en\/wp-json\/wp\/v2\/users\/1"}],"replies":[{"embeddable":true,"href":"https:\/\/www.yvycom.com\/en\/wp-json\/wp\/v2\/comments?post=30"}],"version-history":[{"count":5,"href":"https:\/\/www.yvycom.com\/en\/wp-json\/wp\/v2\/pages\/30\/revisions"}],"predecessor-version":[{"id":224,"href":"https:\/\/www.yvycom.com\/en\/wp-json\/wp\/v2\/pages\/30\/revisions\/224"}],"wp:attachment":[{"href":"https:\/\/www.yvycom.com\/en\/wp-json\/wp\/v2\/media?parent=30"}],"curies":[{"name":"wp","href":"https:\/\/api.w.org\/{rel}","templated":true}]}}